{"id":1537,"date":"2022-07-13T10:30:22","date_gmt":"2022-07-13T10:30:22","guid":{"rendered":"https:\/\/startuppico1.wpengine.com\/?page_id=1537"},"modified":"2022-09-20T11:25:23","modified_gmt":"2022-09-20T11:25:23","slug":"startup-pico-evento-masterclass-marketing-digital","status":"publish","type":"page","link":"https:\/\/startuppico.com\/en\/startup-pico-evento-masterclass-marketing-digital\/","title":{"rendered":"Startup Pico Evento Masterclass Marketing Digital"},"content":{"rendered":"<div data-elementor-type=\"wp-page\" data-elementor-id=\"1537\" class=\"elementor elementor-1537\">\n\t\t\t\t\t\t\t\t\t<section class=\"elementor-section elementor-top-section elementor-element elementor-element-fede4b0 elementor-section-full_width elementor-section-height-min-height elementor-section-height-default elementor-section-items-middle\" data-id=\"fede4b0\" data-element_type=\"section\" data-settings=\"{&quot;background_background&quot;:&quot;classic&quot;}\">\n\t\t\t\t\t\t<div class=\"elementor-container elementor-column-gap-default\">\n\t\t\t\t\t<div class=\"elementor-column elementor-col-100 elementor-top-column elementor-element elementor-element-3336af7\" data-id=\"3336af7\" data-element_type=\"column\">\n\t\t\t<div class=\"elementor-widget-wrap elementor-element-populated\">\n\t\t\t\t\t\t\t\t<div class=\"elementor-element elementor-element-08d24a0 elementor-widget elementor-widget-heading\" data-id=\"08d24a0\" data-element_type=\"widget\" data-widget_type=\"heading.default\">\n\t\t\t\t<div class=\"elementor-widget-container\">\n\t\t\t<h2 class=\"elementor-heading-title elementor-size-default\">MASTERCLASS MARKETING DIGITAL<\/h2>\t\t<\/div>\n\t\t\t\t<\/div>\n\t\t\t\t<div class=\"elementor-element elementor-element-0a8bd60 elementor-widget elementor-widget-heading\" data-id=\"0a8bd60\" data-element_type=\"widget\" data-widget_type=\"heading.default\">\n\t\t\t\t<div class=\"elementor-widget-container\">\n\t\t\t<h2 class=\"elementor-heading-title elementor-size-default\">with Vasco Marques<\/h2>\t\t<\/div>\n\t\t\t\t<\/div>\n\t\t\t\t\t<\/div>\n\t\t<\/div>\n\t\t\t\t\t\t\t<\/div>\n\t\t<\/section>\n\t\t\t\t<section class=\"elementor-section elementor-top-section elementor-element elementor-element-278d735 elementor-section-boxed elementor-section-height-default elementor-section-height-default\" data-id=\"278d735\" data-element_type=\"section\">\n\t\t\t\t\t\t<div class=\"elementor-container elementor-column-gap-default\">\n\t\t\t\t\t<div class=\"elementor-column elementor-col-100 elementor-top-column elementor-element elementor-element-fb41724\" data-id=\"fb41724\" data-element_type=\"column\">\n\t\t\t<div class=\"elementor-widget-wrap elementor-element-populated\">\n\t\t\t\t\t\t\t\t<div class=\"elementor-element elementor-element-fdf8f20 elementor-widget elementor-widget-spacer\" data-id=\"fdf8f20\" data-element_type=\"widget\" data-widget_type=\"spacer.default\">\n\t\t\t\t<div class=\"elementor-widget-container\">\n\t\t\t\t\t<div class=\"elementor-spacer\">\n\t\t\t<div class=\"elementor-spacer-inner\"><\/div>\n\t\t<\/div>\n\t\t\t\t<\/div>\n\t\t\t\t<\/div>\n\t\t\t\t\t<\/div>\n\t\t<\/div>\n\t\t\t\t\t\t\t<\/div>\n\t\t<\/section>\n\t\t\t\t<section class=\"elementor-section elementor-top-section elementor-element elementor-element-4d5e02d elementor-section-boxed elementor-section-height-default elementor-section-height-default\" data-id=\"4d5e02d\" data-element_type=\"section\">\n\t\t\t\t\t\t<div class=\"elementor-container elementor-column-gap-default\">\n\t\t\t\t\t<div class=\"elementor-column elementor-col-100 elementor-top-column elementor-element elementor-element-fac4358\" data-id=\"fac4358\" data-element_type=\"column\">\n\t\t\t<div class=\"elementor-widget-wrap elementor-element-populated\">\n\t\t\t\t\t\t\t\t<div class=\"elementor-element elementor-element-7c18813 elementor-widget elementor-widget-image\" data-id=\"7c18813\" data-element_type=\"widget\" data-widget_type=\"image.default\">\n\t\t\t\t<div class=\"elementor-widget-container\">\n\t\t\t\t\t\t\t\t\t\t\t\t\t\t\t<img loading=\"lazy\" decoding=\"async\" width=\"800\" height=\"800\" src=\"https:\/\/startuppico.com\/wp-content\/uploads\/2022\/08\/Cartaz_MarketingDigital_31Agosto-1024x1024.jpg\" class=\"attachment-large size-large wp-image-1741\" alt=\"\" srcset=\"https:\/\/startuppico.com\/wp-content\/uploads\/2022\/08\/Cartaz_MarketingDigital_31Agosto-1024x1024.jpg 1024w, https:\/\/startuppico.com\/wp-content\/uploads\/2022\/08\/Cartaz_MarketingDigital_31Agosto-300x300.jpg 300w, https:\/\/startuppico.com\/wp-content\/uploads\/2022\/08\/Cartaz_MarketingDigital_31Agosto-150x150.jpg 150w, https:\/\/startuppico.com\/wp-content\/uploads\/2022\/08\/Cartaz_MarketingDigital_31Agosto-768x768.jpg 768w, https:\/\/startuppico.com\/wp-content\/uploads\/2022\/08\/Cartaz_MarketingDigital_31Agosto-12x12.jpg 12w, https:\/\/startuppico.com\/wp-content\/uploads\/2022\/08\/Cartaz_MarketingDigital_31Agosto.jpg 1200w\" sizes=\"auto, (max-width: 800px) 100vw, 800px\" \/>\t\t\t\t\t\t\t\t\t\t\t\t\t\t\t<\/div>\n\t\t\t\t<\/div>\n\t\t\t\t\t<\/div>\n\t\t<\/div>\n\t\t\t\t\t\t\t<\/div>\n\t\t<\/section>\n\t\t\t\t<section class=\"elementor-section elementor-top-section elementor-element elementor-element-762fab9 elementor-section-boxed elementor-section-height-default elementor-section-height-default\" data-id=\"762fab9\" data-element_type=\"section\">\n\t\t\t\t\t\t<div class=\"elementor-container elementor-column-gap-default\">\n\t\t\t\t\t<div class=\"elementor-column elementor-col-100 elementor-top-column elementor-element elementor-element-8d1745c\" data-id=\"8d1745c\" data-element_type=\"column\">\n\t\t\t<div class=\"elementor-widget-wrap elementor-element-populated\">\n\t\t\t\t\t\t\t\t<div class=\"elementor-element elementor-element-24ffa7b elementor-widget elementor-widget-spacer\" data-id=\"24ffa7b\" data-element_type=\"widget\" data-widget_type=\"spacer.default\">\n\t\t\t\t<div class=\"elementor-widget-container\">\n\t\t\t\t\t<div class=\"elementor-spacer\">\n\t\t\t<div class=\"elementor-spacer-inner\"><\/div>\n\t\t<\/div>\n\t\t\t\t<\/div>\n\t\t\t\t<\/div>\n\t\t\t\t\t<\/div>\n\t\t<\/div>\n\t\t\t\t\t\t\t<\/div>\n\t\t<\/section>\n\t\t\t\t<section class=\"elementor-section elementor-top-section elementor-element elementor-element-092a7cc elementor-section-boxed elementor-section-height-default elementor-section-height-default\" data-id=\"092a7cc\" data-element_type=\"section\">\n\t\t\t\t\t\t<div class=\"elementor-container elementor-column-gap-default\">\n\t\t\t\t\t<div class=\"elementor-column elementor-col-100 elementor-top-column elementor-element elementor-element-58dd23e\" data-id=\"58dd23e\" data-element_type=\"column\">\n\t\t\t<div class=\"elementor-widget-wrap elementor-element-populated\">\n\t\t\t\t\t\t\t\t<div class=\"elementor-element elementor-element-fc33905 elementor-widget elementor-widget-heading\" data-id=\"fc33905\" data-element_type=\"widget\" data-widget_type=\"heading.default\">\n\t\t\t\t<div class=\"elementor-widget-container\">\n\t\t\t<h2 class=\"elementor-heading-title elementor-size-default\">Invite<\/h2>\t\t<\/div>\n\t\t\t\t<\/div>\n\t\t\t\t<div class=\"elementor-element elementor-element-4e060cc elementor-widget elementor-widget-video\" data-id=\"4e060cc\" data-element_type=\"widget\" data-settings=\"{&quot;video_type&quot;:&quot;hosted&quot;,&quot;show_image_overlay&quot;:&quot;yes&quot;,&quot;image_overlay&quot;:{&quot;url&quot;:&quot;&quot;,&quot;id&quot;:&quot;&quot;,&quot;size&quot;:&quot;&quot;,&quot;alt&quot;:&quot;&quot;,&quot;source&quot;:&quot;library&quot;},&quot;controls&quot;:&quot;yes&quot;}\" data-widget_type=\"video.default\">\n\t\t\t\t<div class=\"elementor-widget-container\">\n\t\t\t\t\t<div class=\"e-hosted-video elementor-wrapper elementor-open-inline\">\n\t\t\t\t\t<video class=\"elementor-video\" src=\"https:\/\/startuppico.com\/wp-content\/uploads\/2022\/09\/Video-promocional-Vasco-Marques_1.mp4\" controls=\"\" preload=\"metadata\" controlslist=\"nodownload\"><\/video>\n\t\t\t\t<\/div>\n\t\t\t\t<\/div>\n\t\t\t\t<\/div>\n\t\t\t\t<div class=\"elementor-element elementor-element-7213db4 elementor-widget elementor-widget-text-editor\" data-id=\"7213db4\" data-element_type=\"widget\" data-widget_type=\"text-editor.default\">\n\t\t\t\t<div class=\"elementor-widget-container\">\n\t\t\t\t\t\t\t<p>A <strong>Startup Pico<\/strong>, em parceria com a empresa <strong>Web2Business<\/strong>, ir\u00e1 promover entre os <strong>dias 16 a 18 de setembro<\/strong> a <strong><em>Masterclass<\/em><\/strong> <strong><em>Marketing Digital 360<\/em><\/strong>, que ter\u00e1 lugar na sede da Filarm\u00f3nica Uni\u00e3o e Progresso Madalense. Este que \u00e9 o primeiro curso presencial de especializa\u00e7\u00e3o promovido pela incubadora de empresas do Munic\u00edpio da Madalena, contar\u00e1 com o formador <strong>Vasco Marques<\/strong>, figura incontorn\u00e1vel do panorama do Marketing em Portugal.<\/p><p>Over 3 days, the training will have a strong practical and results-oriented component, including individual and group activities. It is intended to provide local companies, new entrepreneurs and the general population with an interest in the subject, the strategic vision and essential tools so that they can boost their online presence, increase their notoriety and their brands through advertisements, reach new markets limiting geographic barriers and thus boosting your sales and scaling the business.<\/p><p>This Masterclass is certified by the Directorate-General for Employment and Labor Relations (DGERT). The cost of the vocational training diploma, valid for curricular purposes and mandatory training hours provided for in the Labor Code, is included in the cost of the course.<\/p><p><strong>The first 30 subscribers will be entitled to the offer of the book \u201cDigital Marketing from A to Z\u201d.<\/strong><\/p><p>\u00a0<\/p><p>Get to know the contents that will be covered and other detailed information.<\/p><p><strong>Contents:<\/strong><\/p><p><strong>Day 1: 360 Digital Marketing Strategy<\/strong><\/p><p>\u00bb Estrat\u00e9gia de Marketing Digital<\/p><p>\u00bb Diagnosis of online presence<\/p><p>\u00bb Competitive and market analysis<\/p><p>\u00bb Establish goals and create action plan<\/p><p>\u00bb Define metrics and analytics platforms<\/p><p>\u00bb Create budget for Digital Marketing<\/p><p>\u00bb Create dashboard for performance control<\/p><p>\u00bb Production of attractive and impactful content<\/p><p>\u00a0<\/p><p><strong>Day 2: Social Networks<\/strong><\/p><p>\u00bb Create a social media strategy<\/p><p>\u00bb Content planning and scheduling<\/p><p>\u00bb Social Network Management Tools<\/p><p>\u00bb Monitoriza\u00e7\u00e3o da marca nos social media<\/p><p>\" Competition Analysis<\/p><p>\u00bb Definition and monitoring of metrics<\/p><p>\u00bb Facebook and Instagram Marketing<\/p><p>\u00bb Meta Ads<\/p><p>\u00a0<\/p><p><strong>Day 3: Search Engine Marketing (SEM)<\/strong><\/p><p>\u00bb Search engine optimization diagnosis<\/p><p>\u00bb Definition of objectives to appear in the first positions<\/p><p>\u00bb Improved text, image and video for SEO<\/p><p>\u00bb Optimization to stand out from the competition\u00a0<\/p><p>\u00bb Structure Google Ads account<\/p><p>\u00bb Create Search, Display and Video campaigns<\/p><p>\u00bb Shopping and Merchant Center Campaigns\u00a0\u00a0<\/p><p>\u00bb Optimize campaigns, keywords and ads\u00a0<\/p><p>\u00a0<\/p><p><strong>Necessary computer material<\/strong><\/p><p>Trainees are asked to carry a personal laptop computer to carry out individual and group activities during training days.<\/p><p>\u00a0<\/p><p><strong>Recipients:<\/strong><\/p><p>Entrepreneurs, managers, marketing professionals, content managers, communication technicians, students or any other professionals interested in gaining knowledge about digital marketing.<\/p><p><strong>\u00a0<\/strong><\/p><p><strong>Benefits<\/strong><\/p><p>The training is given by a recognized, experienced professional with a range of knowledge in the various areas of digital marketing, from strategy to practice. Vasco Marques has trained people in all districts of the country and across borders.<\/p><p>Learn to define and be critical when it comes to digital marketing strategy, to make ads on social networks and to evaluate their effectiveness, to make your website appear first against the competition in search engines like Google .<\/p><p>Throughout the course, challenges and practical activities will be launched, in groups and individually. There will also be an opening for clarification of doubts and discussion of different points of view during the training.<\/p><p>Attribution of a certificate recognized in the market for curricular purposes.<\/p><p>The registration fee is reduced compared to the values practiced in the market for digital marketing courses.<\/p><p>Offer of a book to support the subjects covered during the training for the first 30 registrations.<\/p><p>\u00a0<\/p><p><strong>Prerequisites<\/strong><\/p><p class=\" translation-block\">There are no associated prerequisites, <u>namely some kind of prior knowledge of the subjects covered<\/u>. The course is designed for those who are taking their first steps, gradually learning to implement techniques from strategy to practice, but also for those who want to deepen, improving skills in the various areas covered.<\/p><p>\u00bb Trainees with or without higher education are admitted;<\/p><p>\u00bb No prior knowledge of digital marketing is required;<\/p><p>\u00bb No design or programming knowledge required;<\/p><p>\u00bb It is not necessary to buy any specific tool;<\/p><p>\u00bb All the course and support materials are in Portuguese, so it is not necessary to have knowledge of English or other languages.<\/p>\t\t\t\t\t\t<\/div>\n\t\t\t\t<\/div>\n\t\t\t\t\t<\/div>\n\t\t<\/div>\n\t\t\t\t\t\t\t<\/div>\n\t\t<\/section>\n\t\t\t\t<section class=\"elementor-section elementor-top-section elementor-element elementor-element-ea342b1 elementor-section-boxed elementor-section-height-default elementor-section-height-default\" data-id=\"ea342b1\" data-element_type=\"section\">\n\t\t\t\t\t\t<div class=\"elementor-container elementor-column-gap-default\">\n\t\t\t\t\t<div class=\"elementor-column elementor-col-100 elementor-top-column elementor-element elementor-element-b069200\" data-id=\"b069200\" data-element_type=\"column\">\n\t\t\t<div class=\"elementor-widget-wrap elementor-element-populated\">\n\t\t\t\t\t\t\t\t<div class=\"elementor-element elementor-element-2156967 elementor-widget elementor-widget-heading\" data-id=\"2156967\" data-element_type=\"widget\" data-widget_type=\"heading.default\">\n\t\t\t\t<div class=\"elementor-widget-container\">\n\t\t\t<h2 class=\"elementor-heading-title elementor-size-default\">Price List<\/h2>\t\t<\/div>\n\t\t\t\t<\/div>\n\t\t\t\t<div class=\"elementor-element elementor-element-6b02d66 elementor-widget elementor-widget-text-editor\" data-id=\"6b02d66\" data-element_type=\"widget\" data-widget_type=\"text-editor.default\">\n\t\t\t\t<div class=\"elementor-widget-container\">\n\t\t\t\t\t\t\t<p>Beneficie de <strong>pre\u00e7os reduzidos<\/strong> at\u00e9 <strong>31\/08\/2022<\/strong>:<\/p><table width=\"272\"><tbody><tr><td width=\"136\"><p><strong>\u00a0<\/strong><\/p><\/td><td width=\"136\"><p><strong>General pass (1 trainee)<\/strong><\/p><\/td><\/tr><tr><td width=\"136\"><p>Incubated companies<\/p><\/td><td width=\"136\"><p>Free<\/p><\/td><\/tr><tr><td width=\"136\"><p>students<\/p><\/td><td width=\"136\"><p>Free<\/p><\/td><\/tr><tr><td width=\"136\"><p>Others<\/p><\/td><td width=\"136\"><p><span style=\"text-decoration: line-through;\">119\u20ac<\/span> <strong>99\u20ac<\/strong><\/p><\/td><\/tr><\/tbody><\/table><table width=\"560\"><tbody><tr><td width=\"146\"><p><strong>General pass companies<\/strong><\/p><\/td><td width=\"145\"><p><strong>\u00a0<\/strong><\/p><\/td><td width=\"148\"><p><strong>\u00a0<\/strong><\/p><\/td><td width=\"121\"><p><strong>\u00a0<\/strong><\/p><\/td><\/tr><tr><td width=\"146\">\u00a0<\/td><td width=\"145\"><p><span style=\"text-decoration: line-through;\">119\u20ac<\/span> <strong>99\u20ac<\/strong><\/p><\/td><td width=\"148\"><p><span style=\"text-decoration: line-through;\">249\u20ac<\/span> <strong>199\u20ac<\/strong><\/p><\/td><td width=\"121\"><p><span style=\"text-decoration: line-through;\">699\u20ac<\/span> <strong>599\u20ac<\/strong><\/p><\/td><\/tr><tr><td width=\"146\">\u00a0<\/td><td width=\"145\"><p>1 graduating<\/p><\/td><td width=\"148\"><p>up to 3 trainees<\/p><\/td><td width=\"121\"><p>up to 10 trainees<\/p><\/td><\/tr><\/tbody><\/table>\t\t\t\t\t\t<\/div>\n\t\t\t\t<\/div>\n\t\t\t\t\t<\/div>\n\t\t<\/div>\n\t\t\t\t\t\t\t<\/div>\n\t\t<\/section>\n\t\t\t\t<section class=\"elementor-section elementor-top-section elementor-element elementor-element-02b79a0 elementor-section-boxed elementor-section-height-default elementor-section-height-default\" data-id=\"02b79a0\" data-element_type=\"section\">\n\t\t\t\t\t\t<div class=\"elementor-container elementor-column-gap-default\">\n\t\t\t\t\t<div class=\"elementor-column elementor-col-50 elementor-top-column elementor-element elementor-element-7096ac4\" data-id=\"7096ac4\" data-element_type=\"column\">\n\t\t\t<div class=\"elementor-widget-wrap elementor-element-populated\">\n\t\t\t\t\t\t\t\t<div class=\"elementor-element elementor-element-309f8a0 elementor-widget elementor-widget-heading\" data-id=\"309f8a0\" data-element_type=\"widget\" data-widget_type=\"heading.default\">\n\t\t\t\t<div class=\"elementor-widget-container\">\n\t\t\t<h2 class=\"elementor-heading-title elementor-size-default\">Meet the Trainer<\/h2>\t\t<\/div>\n\t\t\t\t<\/div>\n\t\t\t\t<div class=\"elementor-element elementor-element-fdadd0e elementor-widget elementor-widget-text-editor\" data-id=\"fdadd0e\" data-element_type=\"widget\" data-widget_type=\"text-editor.default\">\n\t\t\t\t<div class=\"elementor-widget-container\">\n\t\t\t\t\t\t\t<p>Vasco Marques holds a degree and a master's degree in Management and Business from the Atl\u00e2ntico Business School. He has an MBA specializing in e-Business Information Systems.<\/p><p class=\" translation-block\">Consultant, trainer and teacher in postgraduate courses and reference executive training. He founded the company <strong>Web2Business<\/strong>, where he develops Digital Marketing solutions, consulting and training with certification in the online and face-to-face regime.<\/p><p>With more than 15 years of experience, he has already held and participated in hundreds of events related to Digital Marketing, in all districts of Portugal and in other countries.<\/p><p>Author of the books Digital Marketing from A to Z, Digital Marketing 360, Social Networks 360, Video Marketing and Marketing Agenda and Social Networks.<\/p><p>More information at <a href=\"http:\/\/www.vasco.digital\/minicv\" rel=\"nofollow noopener\" target=\"_blank\">www.vasco.digital\/minicv<\/a>.<\/p>\t\t\t\t\t\t<\/div>\n\t\t\t\t<\/div>\n\t\t\t\t\t<\/div>\n\t\t<\/div>\n\t\t\t\t<div class=\"elementor-column elementor-col-50 elementor-top-column elementor-element elementor-element-ad29cdb\" data-id=\"ad29cdb\" data-element_type=\"column\">\n\t\t\t<div class=\"elementor-widget-wrap elementor-element-populated\">\n\t\t\t\t\t\t\t\t<div class=\"elementor-element elementor-element-95e06b6 elementor-widget elementor-widget-image\" data-id=\"95e06b6\" data-element_type=\"widget\" data-widget_type=\"image.default\">\n\t\t\t\t<div class=\"elementor-widget-container\">\n\t\t\t\t\t\t\t\t\t\t\t\t\t\t\t<img loading=\"lazy\" decoding=\"async\" width=\"252\" height=\"300\" src=\"https:\/\/startuppico.com\/wp-content\/uploads\/2022\/07\/Vasco-Marques-252x300.webp\" class=\"attachment-medium size-medium wp-image-1588\" alt=\"\" srcset=\"https:\/\/startuppico.com\/wp-content\/uploads\/2022\/07\/Vasco-Marques-252x300.webp 252w, https:\/\/startuppico.com\/wp-content\/uploads\/2022\/07\/Vasco-Marques-861x1024.webp 861w, https:\/\/startuppico.com\/wp-content\/uploads\/2022\/07\/Vasco-Marques-768x913.webp 768w, https:\/\/startuppico.com\/wp-content\/uploads\/2022\/07\/Vasco-Marques-1292x1536.webp 1292w, https:\/\/startuppico.com\/wp-content\/uploads\/2022\/07\/Vasco-Marques-1723x2048.webp 1723w, https:\/\/startuppico.com\/wp-content\/uploads\/2022\/07\/Vasco-Marques-10x12.webp 10w\" sizes=\"auto, (max-width: 252px) 100vw, 252px\" \/>\t\t\t\t\t\t\t\t\t\t\t\t\t\t\t<\/div>\n\t\t\t\t<\/div>\n\t\t\t\t\t<\/div>\n\t\t<\/div>\n\t\t\t\t\t\t\t<\/div>\n\t\t<\/section>\n\t\t\t\t<section class=\"elementor-section elementor-top-section elementor-element elementor-element-44eb5d3 elementor-section-boxed elementor-section-height-default elementor-section-height-default\" data-id=\"44eb5d3\" data-element_type=\"section\">\n\t\t\t\t\t\t<div class=\"elementor-container elementor-column-gap-default\">\n\t\t\t\t\t<div class=\"elementor-column elementor-col-100 elementor-top-column elementor-element elementor-element-1f2c5d4\" data-id=\"1f2c5d4\" data-element_type=\"column\">\n\t\t\t<div class=\"elementor-widget-wrap elementor-element-populated\">\n\t\t\t\t\t\t\t\t<div class=\"elementor-element elementor-element-45bc989 elementor-widget elementor-widget-spacer\" data-id=\"45bc989\" data-element_type=\"widget\" data-widget_type=\"spacer.default\">\n\t\t\t\t<div class=\"elementor-widget-container\">\n\t\t\t\t\t<div class=\"elementor-spacer\">\n\t\t\t<div class=\"elementor-spacer-inner\"><\/div>\n\t\t<\/div>\n\t\t\t\t<\/div>\n\t\t\t\t<\/div>\n\t\t\t\t\t<\/div>\n\t\t<\/div>\n\t\t\t\t\t\t\t<\/div>\n\t\t<\/section>\n\t\t\t\t\t\t\t<\/div>","protected":false},"excerpt":{"rendered":"<p>MASTERCLASS MARKETING DIGITAL com Vasco Marques Convite https:\/\/startuppico.com\/wp-content\/uploads\/2022\/09\/Video-promocional-Vasco-Marques_1.mp4 A Startup Pico, em parceria com a empresa Web2Business, ir\u00e1 promover entre os dias 16 a 18 de setembro a Masterclass Marketing Digital 360, que ter\u00e1 lugar na sede da Filarm\u00f3nica Uni\u00e3o e Progresso Madalense. Este que \u00e9 o primeiro curso presencial de especializa\u00e7\u00e3o promovido pela incubadora [&hellip;]<\/p>","protected":false},"author":2,"featured_media":0,"parent":0,"menu_order":0,"comment_status":"closed","ping_status":"closed","template":"elementor_header_footer","meta":{"om_disable_all_campaigns":false,"inline_featured_image":false,"_uf_show_specific_survey":0,"_uf_disable_surveys":false,"footnotes":""},"class_list":["post-1537","page","type-page","status-publish","hentry"],"_links":{"self":[{"href":"https:\/\/startuppico.com\/en\/wp-json\/wp\/v2\/pages\/1537","targetHints":{"allow":["GET"]}}],"collection":[{"href":"https:\/\/startuppico.com\/en\/wp-json\/wp\/v2\/pages"}],"about":[{"href":"https:\/\/startuppico.com\/en\/wp-json\/wp\/v2\/types\/page"}],"author":[{"embeddable":true,"href":"https:\/\/startuppico.com\/en\/wp-json\/wp\/v2\/users\/2"}],"replies":[{"embeddable":true,"href":"https:\/\/startuppico.com\/en\/wp-json\/wp\/v2\/comments?post=1537"}],"version-history":[{"count":0,"href":"https:\/\/startuppico.com\/en\/wp-json\/wp\/v2\/pages\/1537\/revisions"}],"wp:attachment":[{"href":"https:\/\/startuppico.com\/en\/wp-json\/wp\/v2\/media?parent=1537"}],"curies":[{"name":"wp","href":"https:\/\/api.w.org\/{rel}","templated":true}]}}