{"id":1555,"date":"2022-07-13T10:17:31","date_gmt":"2022-07-13T10:17:31","guid":{"rendered":"https:\/\/startuppico1.wpengine.com\/?page_id=1555"},"modified":"2023-02-10T18:33:05","modified_gmt":"2023-02-10T18:33:05","slug":"startup-pico-eventos","status":"publish","type":"page","link":"https:\/\/startuppico.com\/en\/startup-pico-eventos\/","title":{"rendered":"Startup Pico Eventos"},"content":{"rendered":"<div data-elementor-type=\"wp-page\" data-elementor-id=\"1555\" class=\"elementor elementor-1555\">\n\t\t\t\t\t\t\t\t\t<section class=\"elementor-section elementor-top-section elementor-element elementor-element-fede4b0 elementor-section-full_width elementor-section-height-min-height elementor-section-height-default elementor-section-items-middle\" data-id=\"fede4b0\" data-element_type=\"section\" data-settings=\"{&quot;background_background&quot;:&quot;classic&quot;}\">\n\t\t\t\t\t\t<div class=\"elementor-container elementor-column-gap-default\">\n\t\t\t\t\t<div class=\"elementor-column elementor-col-100 elementor-top-column elementor-element elementor-element-3336af7\" data-id=\"3336af7\" data-element_type=\"column\">\n\t\t\t<div class=\"elementor-widget-wrap elementor-element-populated\">\n\t\t\t\t\t\t\t\t<div class=\"elementor-element elementor-element-08d24a0 elementor-widget elementor-widget-heading\" data-id=\"08d24a0\" data-element_type=\"widget\" data-widget_type=\"heading.default\">\n\t\t\t\t<div class=\"elementor-widget-container\">\n\t\t\t<h2 class=\"elementor-heading-title elementor-size-default\">EVENTS<\/h2>\t\t<\/div>\n\t\t\t\t<\/div>\n\t\t\t\t\t<\/div>\n\t\t<\/div>\n\t\t\t\t\t\t\t<\/div>\n\t\t<\/section>\n\t\t\t\t<section class=\"elementor-section elementor-top-section elementor-element elementor-element-278d735 elementor-section-boxed elementor-section-height-default elementor-section-height-default\" data-id=\"278d735\" data-element_type=\"section\">\n\t\t\t\t\t\t<div class=\"elementor-container elementor-column-gap-default\">\n\t\t\t\t\t<div class=\"elementor-column elementor-col-100 elementor-top-column elementor-element elementor-element-fb41724\" data-id=\"fb41724\" data-element_type=\"column\">\n\t\t\t<div class=\"elementor-widget-wrap elementor-element-populated\">\n\t\t\t\t\t\t\t\t<div class=\"elementor-element elementor-element-fdf8f20 elementor-widget elementor-widget-spacer\" data-id=\"fdf8f20\" data-element_type=\"widget\" data-widget_type=\"spacer.default\">\n\t\t\t\t<div class=\"elementor-widget-container\">\n\t\t\t\t\t<div class=\"elementor-spacer\">\n\t\t\t<div class=\"elementor-spacer-inner\"><\/div>\n\t\t<\/div>\n\t\t\t\t<\/div>\n\t\t\t\t<\/div>\n\t\t\t\t\t<\/div>\n\t\t<\/div>\n\t\t\t\t\t\t\t<\/div>\n\t\t<\/section>\n\t\t\t\t<section class=\"elementor-section elementor-top-section elementor-element elementor-element-7810ed0 elementor-section-boxed elementor-section-height-default elementor-section-height-default\" data-id=\"7810ed0\" data-element_type=\"section\">\n\t\t\t\t\t\t<div class=\"elementor-container elementor-column-gap-wide\">\n\t\t\t\t\t<div class=\"elementor-column elementor-col-50 elementor-top-column elementor-element elementor-element-3782be0\" data-id=\"3782be0\" data-element_type=\"column\">\n\t\t\t<div class=\"elementor-widget-wrap elementor-element-populated\">\n\t\t\t\t\t\t\t\t<div class=\"elementor-element elementor-element-ff17576 elementor-widget elementor-widget-image\" data-id=\"ff17576\" data-element_type=\"widget\" data-widget_type=\"image.default\">\n\t\t\t\t<div class=\"elementor-widget-container\">\n\t\t\t\t\t\t\t\t\t\t\t\t\t\t\t\t<a href=\"https:\/\/startuppico.com\/en\/startup-pico-evento-empreendazores\/\">\n\t\t\t\t\t\t\t<img loading=\"lazy\" decoding=\"async\" width=\"768\" height=\"767\" src=\"https:\/\/startuppico.com\/wp-content\/uploads\/2023\/02\/Cartaz-2023-768x767.webp\" class=\"attachment-medium_large size-medium_large wp-image-1757\" alt=\"\" srcset=\"https:\/\/startuppico.com\/wp-content\/uploads\/2023\/02\/Cartaz-2023-768x767.webp 768w, https:\/\/startuppico.com\/wp-content\/uploads\/2023\/02\/Cartaz-2023-300x300.webp 300w, https:\/\/startuppico.com\/wp-content\/uploads\/2023\/02\/Cartaz-2023-1024x1024.webp 1024w, https:\/\/startuppico.com\/wp-content\/uploads\/2023\/02\/Cartaz-2023-150x150.webp 150w, https:\/\/startuppico.com\/wp-content\/uploads\/2023\/02\/Cartaz-2023-12x12.webp 12w, https:\/\/startuppico.com\/wp-content\/uploads\/2023\/02\/Cartaz-2023.webp 1201w\" sizes=\"auto, (max-width: 768px) 100vw, 768px\" \/>\t\t\t\t\t\t\t\t<\/a>\n\t\t\t\t\t\t\t\t\t\t\t\t\t\t\t<\/div>\n\t\t\t\t<\/div>\n\t\t\t\t\t<\/div>\n\t\t<\/div>\n\t\t\t\t<div class=\"elementor-column elementor-col-50 elementor-top-column elementor-element elementor-element-3b261de\" data-id=\"3b261de\" data-element_type=\"column\">\n\t\t\t<div class=\"elementor-widget-wrap elementor-element-populated\">\n\t\t\t\t\t\t\t\t<div class=\"elementor-element elementor-element-ff8abc7 elementor-widget elementor-widget-text-editor\" data-id=\"ff8abc7\" data-element_type=\"widget\" data-widget_type=\"text-editor.default\">\n\t\t\t\t<div class=\"elementor-widget-container\">\n\t\t\t\t\t\t\t<p>A <strong>Startup Pico<\/strong>, em parceria com a empresa <strong>sbi Consulting<\/strong>, ir\u00e1 promover entre os <strong>dias 18 a 20 de Mar\u00e7o<\/strong>\u00a0uma <b><i>Forma\u00e7\u00e3o em Empreendorismo<\/i><\/b>, que ter\u00e1 lugar na sede da Filarm\u00f3nica Uni\u00e3o e Progresso Madalense. A forma\u00e7\u00e3o ser\u00e1 realizada pelos formadores\u00a0<strong>Marta Miraldes e Francisco Fonseca.<\/strong><\/p>\t\t\t\t\t\t<\/div>\n\t\t\t\t<\/div>\n\t\t\t\t<div class=\"elementor-element elementor-element-c1eb2e0 elementor-widget elementor-widget-button\" data-id=\"c1eb2e0\" data-element_type=\"widget\" data-widget_type=\"button.default\">\n\t\t\t\t<div class=\"elementor-widget-container\">\n\t\t\t\t\t<div class=\"elementor-button-wrapper\">\n\t\t\t<a class=\"elementor-button elementor-button-link elementor-size-lg\" href=\"https:\/\/startuppico.com\/en\/startup-pico-evento-empreendazores\/\">\n\t\t\t\t\t\t<span class=\"elementor-button-content-wrapper\">\n\t\t\t\t\t\t<span class=\"elementor-button-text\">KNOW MORE<\/span>\n\t\t<\/span>\n\t\t\t\t\t<\/a>\n\t\t<\/div>\n\t\t\t\t<\/div>\n\t\t\t\t<\/div>\n\t\t\t\t\t<\/div>\n\t\t<\/div>\n\t\t\t\t\t\t\t<\/div>\n\t\t<\/section>\n\t\t\t\t<section class=\"elementor-section elementor-top-section elementor-element elementor-element-4d5e02d elementor-section-boxed elementor-section-height-default elementor-section-height-default\" data-id=\"4d5e02d\" data-element_type=\"section\">\n\t\t\t\t\t\t<div class=\"elementor-container elementor-column-gap-wide\">\n\t\t\t\t\t<div class=\"elementor-column elementor-col-50 elementor-top-column elementor-element elementor-element-7152d61\" data-id=\"7152d61\" data-element_type=\"column\">\n\t\t\t<div class=\"elementor-widget-wrap elementor-element-populated\">\n\t\t\t\t\t\t\t\t<div class=\"elementor-element elementor-element-0df78bc elementor-widget elementor-widget-image\" data-id=\"0df78bc\" data-element_type=\"widget\" data-widget_type=\"image.default\">\n\t\t\t\t<div class=\"elementor-widget-container\">\n\t\t\t\t\t\t\t\t\t\t\t\t\t\t\t\t<a href=\"https:\/\/startuppico.com\/en\/startup-pico-evento-masterclass-marketing-digital\/\">\n\t\t\t\t\t\t\t<img loading=\"lazy\" decoding=\"async\" width=\"768\" height=\"768\" src=\"https:\/\/startuppico.com\/wp-content\/uploads\/2022\/08\/Cartaz_MarketingDigital_31Agosto-768x768.jpg\" class=\"attachment-medium_large size-medium_large wp-image-1741\" alt=\"\" srcset=\"https:\/\/startuppico.com\/wp-content\/uploads\/2022\/08\/Cartaz_MarketingDigital_31Agosto-768x768.jpg 768w, https:\/\/startuppico.com\/wp-content\/uploads\/2022\/08\/Cartaz_MarketingDigital_31Agosto-300x300.jpg 300w, https:\/\/startuppico.com\/wp-content\/uploads\/2022\/08\/Cartaz_MarketingDigital_31Agosto-1024x1024.jpg 1024w, https:\/\/startuppico.com\/wp-content\/uploads\/2022\/08\/Cartaz_MarketingDigital_31Agosto-150x150.jpg 150w, https:\/\/startuppico.com\/wp-content\/uploads\/2022\/08\/Cartaz_MarketingDigital_31Agosto-12x12.jpg 12w, https:\/\/startuppico.com\/wp-content\/uploads\/2022\/08\/Cartaz_MarketingDigital_31Agosto.jpg 1200w\" sizes=\"auto, (max-width: 768px) 100vw, 768px\" \/>\t\t\t\t\t\t\t\t<\/a>\n\t\t\t\t\t\t\t\t\t\t\t\t\t\t\t<\/div>\n\t\t\t\t<\/div>\n\t\t\t\t\t<\/div>\n\t\t<\/div>\n\t\t\t\t<div class=\"elementor-column elementor-col-50 elementor-top-column elementor-element elementor-element-fac4358\" data-id=\"fac4358\" data-element_type=\"column\">\n\t\t\t<div class=\"elementor-widget-wrap elementor-element-populated\">\n\t\t\t\t\t\t\t\t<div class=\"elementor-element elementor-element-2607634 elementor-widget elementor-widget-text-editor\" data-id=\"2607634\" data-element_type=\"widget\" data-widget_type=\"text-editor.default\">\n\t\t\t\t<div class=\"elementor-widget-container\">\n\t\t\t\t\t\t\t<p>A <strong>Startup Pico<\/strong>, em parceria com a empresa <strong>Web2Business<\/strong>, ir\u00e1 promover entre os <strong>dias 16 a 18 de setembro<\/strong> a <strong><em>Masterclass<\/em><\/strong> <strong><em>Marketing Digital 360<\/em><\/strong>, que ter\u00e1 lugar na sede da Filarm\u00f3nica Uni\u00e3o e Progresso Madalense. Este que \u00e9 o primeiro curso presencial de especializa\u00e7\u00e3o promovido pela incubadora de empresas do Munic\u00edpio da Madalena, contar\u00e1 com o formador <strong>Vasco Marques<\/strong>, figura incontorn\u00e1vel do panorama do Marketing em Portugal.<\/p>\t\t\t\t\t\t<\/div>\n\t\t\t\t<\/div>\n\t\t\t\t<div class=\"elementor-element elementor-element-d2584f4 elementor-widget elementor-widget-button\" data-id=\"d2584f4\" data-element_type=\"widget\" data-widget_type=\"button.default\">\n\t\t\t\t<div class=\"elementor-widget-container\">\n\t\t\t\t\t<div class=\"elementor-button-wrapper\">\n\t\t\t<a class=\"elementor-button elementor-button-link elementor-size-lg\" href=\"https:\/\/startuppico.com\/en\/startup-pico-evento-masterclass-marketing-digital\/\">\n\t\t\t\t\t\t<span class=\"elementor-button-content-wrapper\">\n\t\t\t\t\t\t<span class=\"elementor-button-text\">KNOW MORE<\/span>\n\t\t<\/span>\n\t\t\t\t\t<\/a>\n\t\t<\/div>\n\t\t\t\t<\/div>\n\t\t\t\t<\/div>\n\t\t\t\t\t<\/div>\n\t\t<\/div>\n\t\t\t\t\t\t\t<\/div>\n\t\t<\/section>\n\t\t\t\t<section class=\"elementor-section elementor-top-section elementor-element elementor-element-44eb5d3 elementor-section-boxed elementor-section-height-default elementor-section-height-default\" data-id=\"44eb5d3\" data-element_type=\"section\">\n\t\t\t\t\t\t<div class=\"elementor-container elementor-column-gap-default\">\n\t\t\t\t\t<div class=\"elementor-column elementor-col-100 elementor-top-column elementor-element elementor-element-1f2c5d4\" data-id=\"1f2c5d4\" data-element_type=\"column\">\n\t\t\t<div class=\"elementor-widget-wrap elementor-element-populated\">\n\t\t\t\t\t\t\t\t<div class=\"elementor-element elementor-element-45bc989 elementor-widget elementor-widget-spacer\" data-id=\"45bc989\" data-element_type=\"widget\" data-widget_type=\"spacer.default\">\n\t\t\t\t<div class=\"elementor-widget-container\">\n\t\t\t\t\t<div class=\"elementor-spacer\">\n\t\t\t<div class=\"elementor-spacer-inner\"><\/div>\n\t\t<\/div>\n\t\t\t\t<\/div>\n\t\t\t\t<\/div>\n\t\t\t\t\t<\/div>\n\t\t<\/div>\n\t\t\t\t\t\t\t<\/div>\n\t\t<\/section>\n\t\t\t\t\t\t\t<\/div>","protected":false},"excerpt":{"rendered":"<p>EVENTOS A Startup Pico, em parceria com a empresa sbi Consulting, ir\u00e1 promover entre os dias 18 a 20 de Mar\u00e7o\u00a0uma Forma\u00e7\u00e3o em Empreendorismo, que ter\u00e1 lugar na sede da Filarm\u00f3nica Uni\u00e3o e Progresso Madalense. A forma\u00e7\u00e3o ser\u00e1 realizada pelos formadores\u00a0Marta Miraldes e Francisco Fonseca. SAIBA MAIS! A Startup Pico, em parceria com a empresa [&hellip;]<\/p>","protected":false},"author":2,"featured_media":0,"parent":0,"menu_order":0,"comment_status":"closed","ping_status":"closed","template":"elementor_header_footer","meta":{"om_disable_all_campaigns":false,"inline_featured_image":false,"_uf_show_specific_survey":0,"_uf_disable_surveys":false,"footnotes":""},"class_list":["post-1555","page","type-page","status-publish","hentry"],"_links":{"self":[{"href":"https:\/\/startuppico.com\/en\/wp-json\/wp\/v2\/pages\/1555","targetHints":{"allow":["GET"]}}],"collection":[{"href":"https:\/\/startuppico.com\/en\/wp-json\/wp\/v2\/pages"}],"about":[{"href":"https:\/\/startuppico.com\/en\/wp-json\/wp\/v2\/types\/page"}],"author":[{"embeddable":true,"href":"https:\/\/startuppico.com\/en\/wp-json\/wp\/v2\/users\/2"}],"replies":[{"embeddable":true,"href":"https:\/\/startuppico.com\/en\/wp-json\/wp\/v2\/comments?post=1555"}],"version-history":[{"count":0,"href":"https:\/\/startuppico.com\/en\/wp-json\/wp\/v2\/pages\/1555\/revisions"}],"wp:attachment":[{"href":"https:\/\/startuppico.com\/en\/wp-json\/wp\/v2\/media?parent=1555"}],"curies":[{"name":"wp","href":"https:\/\/api.w.org\/{rel}","templated":true}]}}